{"id":2,"date":"2012-05-02T07:58:29","date_gmt":"2012-05-02T07:58:29","guid":{"rendered":"http:\/\/musikverein-biebergrund.de\/?page_id=2"},"modified":"2013-01-04T12:18:06","modified_gmt":"2013-01-04T12:18:06","slug":"beispiel-seite","status":"publish","type":"page","link":"http:\/\/musikverein-biebergrund.de\/","title":{"rendered":"Liebe G\u00e4ste der Biebergrunder Homepage !"},"content":{"rendered":"<p>Ich begr\u00fc\u00dfe Sie im Namen des\u00a0<strong>Musikverein Biebergrund\u00a0<\/strong>recht<\/p>\n<p>herzlich auf unserer Homepage.<\/p>\n<p>Wir wollen unseren Verein auf diesem Wege einer gro\u00dfen \u00d6ffentlichkeit<\/p>\n<p>vorstellen und gleichzeitig aktuelle Informationen an die Mitglieder ver\u00f6ffentlichen.<\/p>\n<p>Wir, der\u00a0<strong>Musikverein Biebergrund\u00a0<\/strong>haben 26 aktive Musiker\/in. Die Musiker<\/p>\n<p>bieten ein abwechslungsreiches Repertoire f\u00fcr die unterschiedlichsten Anl\u00e4sse,<\/p>\n<p>gerne auch f\u00fcr Ihre Veranstaltungen.<\/p>\n<p>Wenn Sie Interesse haben kontaktieren Sie uns \u00fcber die angegebene Kontaktadresse.<\/p>\n<p>Nun w\u00fcnsche ich ihnen viel Spass beim Bl\u00e4ttern in der Homepage<a href=\"http:\/\/musikverein-biebergrund.de\/wp-content\/uploads\/2012\/05\/img-088123.jpg\"><img loading=\"lazy\" decoding=\"async\" class=\"alignright  wp-image-84\" title=\"Musikverein Wappen\" src=\"http:\/\/musikverein-biebergrund.de\/wp-content\/uploads\/2012\/05\/img-088123-238x300.jpg\" alt=\"\" width=\"250\" height=\"303\" \/><\/a><\/p>\n<p>des\u00a0<strong>Musikverein Biebergrund.<\/strong><\/p>\n<p>Mit musikalischen Gr\u00fc\u00dfen<\/p>\n<p>der Webmaster Martin<\/p>\n","protected":false},"excerpt":{"rendered":"<p>Ich begr\u00fc\u00dfe Sie im Namen des\u00a0Musikverein Biebergrund\u00a0recht herzlich auf unserer Homepage. Wir wollen unseren Verein auf diesem Wege einer gro\u00dfen \u00d6ffentlichkeit vorstellen und gleichzeitig aktuelle Informationen an die Mitglieder ver\u00f6ffentlichen. Wir, der\u00a0Musikverein Biebergrund\u00a0haben 26 aktive Musiker\/in. Die Musiker bieten ein &hellip; <a href=\"http:\/\/musikverein-biebergrund.de\/\">Weiterlesen <span class=\"meta-nav\">&rarr;<\/span><\/a><\/p>\n","protected":false},"author":1,"featured_media":0,"parent":0,"menu_order":0,"comment_status":"closed","ping_status":"closed","template":"","meta":{"ngg_post_thumbnail":0,"footnotes":""},"class_list":["post-2","page","type-page","status-publish","hentry"],"_links":{"self":[{"href":"http:\/\/musikverein-biebergrund.de\/index.php\/wp-json\/wp\/v2\/pages\/2","targetHints":{"allow":["GET"]}}],"collection":[{"href":"http:\/\/musikverein-biebergrund.de\/index.php\/wp-json\/wp\/v2\/pages"}],"about":[{"href":"http:\/\/musikverein-biebergrund.de\/index.php\/wp-json\/wp\/v2\/types\/page"}],"author":[{"embeddable":true,"href":"http:\/\/musikverein-biebergrund.de\/index.php\/wp-json\/wp\/v2\/users\/1"}],"replies":[{"embeddable":true,"href":"http:\/\/musikverein-biebergrund.de\/index.php\/wp-json\/wp\/v2\/comments?post=2"}],"version-history":[{"count":0,"href":"http:\/\/musikverein-biebergrund.de\/index.php\/wp-json\/wp\/v2\/pages\/2\/revisions"}],"wp:attachment":[{"href":"http:\/\/musikverein-biebergrund.de\/index.php\/wp-json\/wp\/v2\/media?parent=2"}],"curies":[{"name":"wp","href":"https:\/\/api.w.org\/{rel}","templated":true}]}}